{"id":16,"date":"2022-03-08T20:34:20","date_gmt":"2022-03-08T20:34:20","guid":{"rendered":"https:\/\/www.ad2l.com.br\/site\/?page_id=16"},"modified":"2022-03-09T13:39:21","modified_gmt":"2022-03-09T16:39:21","slug":"cases","status":"publish","type":"page","link":"https:\/\/www.ad2l.com.br\/site\/cases\/","title":{"rendered":"Cases"},"content":{"rendered":"\t\t<div data-elementor-type=\"wp-page\" data-elementor-id=\"16\" class=\"elementor elementor-16\">\n\t\t\t\t\t\t\t\t\t<section class=\"elementor-section elementor-top-section elementor-element elementor-element-1fb109d1 elementor-section-boxed elementor-section-height-default elementor-section-height-default\" data-id=\"1fb109d1\" data-element_type=\"section\" data-settings=\"{&quot;background_background&quot;:&quot;classic&quot;}\">\n\t\t\t\t\t\t\t<div class=\"elementor-background-overlay\"><\/div>\n\t\t\t\t\t\t\t<div class=\"elementor-container elementor-column-gap-default\">\n\t\t\t\t\t<div class=\"elementor-column elementor-col-100 elementor-top-column elementor-element elementor-element-4b7c965b\" data-id=\"4b7c965b\" data-element_type=\"column\">\n\t\t\t<div class=\"elementor-widget-wrap elementor-element-populated\">\n\t\t\t\t\t\t\t\t<section class=\"elementor-section elementor-inner-section elementor-element elementor-element-4548f3ef elementor-section-boxed elementor-section-height-default elementor-section-height-default\" data-id=\"4548f3ef\" data-element_type=\"section\">\n\t\t\t\t\t\t<div class=\"elementor-container elementor-column-gap-default\">\n\t\t\t\t\t<div class=\"elementor-column elementor-col-50 elementor-inner-column elementor-element elementor-element-665f213a\" data-id=\"665f213a\" data-element_type=\"column\" data-settings=\"{&quot;background_background&quot;:&quot;classic&quot;}\">\n\t\t\t<div class=\"elementor-widget-wrap elementor-element-populated\">\n\t\t\t\t\t\t\t\t<div class=\"elementor-element elementor-element-33dd1172 elementor-widget elementor-widget-heading\" data-id=\"33dd1172\" data-element_type=\"widget\" data-widget_type=\"heading.default\">\n\t\t\t\t<div class=\"elementor-widget-container\">\n\t\t\t<style>\/*! elementor - v3.7.2 - 21-08-2022 *\/\n.elementor-heading-title{padding:0;margin:0;line-height:1}.elementor-widget-heading .elementor-heading-title[class*=elementor-size-]>a{color:inherit;font-size:inherit;line-height:inherit}.elementor-widget-heading .elementor-heading-title.elementor-size-small{font-size:15px}.elementor-widget-heading .elementor-heading-title.elementor-size-medium{font-size:19px}.elementor-widget-heading .elementor-heading-title.elementor-size-large{font-size:29px}.elementor-widget-heading .elementor-heading-title.elementor-size-xl{font-size:39px}.elementor-widget-heading .elementor-heading-title.elementor-size-xxl{font-size:59px}<\/style><h2 class=\"elementor-heading-title elementor-size-default\">Cases<\/h2>\t\t<\/div>\n\t\t\t\t<\/div>\n\t\t\t\t<div class=\"elementor-element elementor-element-32316b25 elementor-widget-divider--view-line elementor-widget elementor-widget-divider\" data-id=\"32316b25\" data-element_type=\"widget\" data-widget_type=\"divider.default\">\n\t\t\t\t<div class=\"elementor-widget-container\">\n\t\t\t<style>\/*! elementor - v3.7.2 - 21-08-2022 *\/\n.elementor-widget-divider{--divider-border-style:none;--divider-border-width:1px;--divider-color:#2c2c2c;--divider-icon-size:20px;--divider-element-spacing:10px;--divider-pattern-height:24px;--divider-pattern-size:20px;--divider-pattern-url:none;--divider-pattern-repeat:repeat-x}.elementor-widget-divider .elementor-divider{display:-webkit-box;display:-ms-flexbox;display:flex}.elementor-widget-divider .elementor-divider__text{font-size:15px;line-height:1;max-width:95%}.elementor-widget-divider .elementor-divider__element{margin:0 var(--divider-element-spacing);-ms-flex-negative:0;flex-shrink:0}.elementor-widget-divider .elementor-icon{font-size:var(--divider-icon-size)}.elementor-widget-divider .elementor-divider-separator{display:-webkit-box;display:-ms-flexbox;display:flex;margin:0;direction:ltr}.elementor-widget-divider--view-line_icon .elementor-divider-separator,.elementor-widget-divider--view-line_text .elementor-divider-separator{-webkit-box-align:center;-ms-flex-align:center;align-items:center}.elementor-widget-divider--view-line_icon .elementor-divider-separator:after,.elementor-widget-divider--view-line_icon .elementor-divider-separator:before,.elementor-widget-divider--view-line_text .elementor-divider-separator:after,.elementor-widget-divider--view-line_text .elementor-divider-separator:before{display:block;content:\"\";border-bottom:0;-webkit-box-flex:1;-ms-flex-positive:1;flex-grow:1;border-top:var(--divider-border-width) var(--divider-border-style) var(--divider-color)}.elementor-widget-divider--element-align-left .elementor-divider .elementor-divider-separator>.elementor-divider__svg:first-of-type{-webkit-box-flex:0;-ms-flex-positive:0;flex-grow:0;-ms-flex-negative:100;flex-shrink:100}.elementor-widget-divider--element-align-left .elementor-divider-separator:before{content:none}.elementor-widget-divider--element-align-left .elementor-divider__element{margin-left:0}.elementor-widget-divider--element-align-right .elementor-divider .elementor-divider-separator>.elementor-divider__svg:last-of-type{-webkit-box-flex:0;-ms-flex-positive:0;flex-grow:0;-ms-flex-negative:100;flex-shrink:100}.elementor-widget-divider--element-align-right .elementor-divider-separator:after{content:none}.elementor-widget-divider--element-align-right .elementor-divider__element{margin-right:0}.elementor-widget-divider:not(.elementor-widget-divider--view-line_text):not(.elementor-widget-divider--view-line_icon) .elementor-divider-separator{border-top:var(--divider-border-width) var(--divider-border-style) var(--divider-color)}.elementor-widget-divider--separator-type-pattern{--divider-border-style:none}.elementor-widget-divider--separator-type-pattern.elementor-widget-divider--view-line .elementor-divider-separator,.elementor-widget-divider--separator-type-pattern:not(.elementor-widget-divider--view-line) .elementor-divider-separator:after,.elementor-widget-divider--separator-type-pattern:not(.elementor-widget-divider--view-line) .elementor-divider-separator:before,.elementor-widget-divider--separator-type-pattern:not([class*=elementor-widget-divider--view]) .elementor-divider-separator{width:100%;min-height:var(--divider-pattern-height);-webkit-mask-size:var(--divider-pattern-size) 100%;mask-size:var(--divider-pattern-size) 100%;-webkit-mask-repeat:var(--divider-pattern-repeat);mask-repeat:var(--divider-pattern-repeat);background-color:var(--divider-color);-webkit-mask-image:var(--divider-pattern-url);mask-image:var(--divider-pattern-url)}.elementor-widget-divider--no-spacing{--divider-pattern-size:auto}.elementor-widget-divider--bg-round{--divider-pattern-repeat:round}.rtl .elementor-widget-divider .elementor-divider__text{direction:rtl}.e-container>.elementor-widget-divider{width:var(--container-widget-width,100%);--flex-grow:var(--container-widget-flex-grow,0)}<\/style>\t\t<div class=\"elementor-divider\">\n\t\t\t<span class=\"elementor-divider-separator\">\n\t\t\t\t\t\t<\/span>\n\t\t<\/div>\n\t\t\t\t<\/div>\n\t\t\t\t<\/div>\n\t\t\t\t\t<\/div>\n\t\t<\/div>\n\t\t\t\t<div class=\"elementor-column elementor-col-50 elementor-inner-column elementor-element elementor-element-711a9c09 elementor-hidden-tablet elementor-hidden-phone\" data-id=\"711a9c09\" data-element_type=\"column\">\n\t\t\t<div class=\"elementor-widget-wrap\">\n\t\t\t\t\t\t\t\t\t<\/div>\n\t\t<\/div>\n\t\t\t\t\t\t\t<\/div>\n\t\t<\/section>\n\t\t\t\t\t<\/div>\n\t\t<\/div>\n\t\t\t\t\t\t\t<\/div>\n\t\t<\/section>\n\t\t\t\t<section class=\"elementor-section elementor-top-section elementor-element elementor-element-644e9ebe elementor-section-content-top elementor-section-boxed elementor-section-height-default elementor-section-height-default\" data-id=\"644e9ebe\" data-element_type=\"section\">\n\t\t\t\t\t\t<div class=\"elementor-container elementor-column-gap-default\">\n\t\t\t\t\t<div class=\"elementor-column elementor-col-50 elementor-top-column elementor-element elementor-element-4f4431cf\" data-id=\"4f4431cf\" data-element_type=\"column\">\n\t\t\t<div class=\"elementor-widget-wrap elementor-element-populated\">\n\t\t\t\t\t\t\t\t<section class=\"elementor-section elementor-inner-section elementor-element elementor-element-51a4b036 elementor-section-boxed elementor-section-height-default elementor-section-height-default\" data-id=\"51a4b036\" data-element_type=\"section\">\n\t\t\t\t\t\t<div class=\"elementor-container elementor-column-gap-default\">\n\t\t\t\t\t<div class=\"elementor-column elementor-col-100 elementor-inner-column elementor-element elementor-element-252bee71\" data-id=\"252bee71\" data-element_type=\"column\">\n\t\t\t<div class=\"elementor-widget-wrap elementor-element-populated\">\n\t\t\t\t\t\t\t\t<div class=\"elementor-element elementor-element-4d1f87ea elementor-widget elementor-widget-image\" data-id=\"4d1f87ea\" data-element_type=\"widget\" data-widget_type=\"image.default\">\n\t\t\t\t<div class=\"elementor-widget-container\">\n\t\t\t<style>\/*! elementor - v3.7.2 - 21-08-2022 *\/\n.elementor-widget-image{text-align:center}.elementor-widget-image a{display:inline-block}.elementor-widget-image a img[src$=\".svg\"]{width:48px}.elementor-widget-image img{vertical-align:middle;display:inline-block}<\/style>\t\t\t\t\t\t\t\t\t\t\t\t<img width=\"895\" height=\"895\" src=\"https:\/\/www.ad2l.com.br\/site\/wp-content\/uploads\/2022\/03\/case1.png\" class=\"attachment-full size-full\" alt=\"\" loading=\"lazy\" srcset=\"https:\/\/www.ad2l.com.br\/site\/wp-content\/uploads\/2022\/03\/case1.png 895w, https:\/\/www.ad2l.com.br\/site\/wp-content\/uploads\/2022\/03\/case1-300x300.png 300w, https:\/\/www.ad2l.com.br\/site\/wp-content\/uploads\/2022\/03\/case1-150x150.png 150w, https:\/\/www.ad2l.com.br\/site\/wp-content\/uploads\/2022\/03\/case1-768x768.png 768w\" sizes=\"(max-width: 895px) 100vw, 895px\" \/>\t\t\t\t\t\t\t\t\t\t\t\t\t\t\t<\/div>\n\t\t\t\t<\/div>\n\t\t\t\t<div class=\"elementor-element elementor-element-5f78e48a elementor-widget elementor-widget-heading\" data-id=\"5f78e48a\" data-element_type=\"widget\" data-widget_type=\"heading.default\">\n\t\t\t\t<div class=\"elementor-widget-container\">\n\t\t\t<h2 class=\"elementor-heading-title elementor-size-default\">Delivery Much<\/h2>\t\t<\/div>\n\t\t\t\t<\/div>\n\t\t\t\t\t<\/div>\n\t\t<\/div>\n\t\t\t\t\t\t\t<\/div>\n\t\t<\/section>\n\t\t\t\t\t<\/div>\n\t\t<\/div>\n\t\t\t\t<div class=\"elementor-column elementor-col-50 elementor-top-column elementor-element elementor-element-103c4eb\" data-id=\"103c4eb\" data-element_type=\"column\">\n\t\t\t<div class=\"elementor-widget-wrap elementor-element-populated\">\n\t\t\t\t\t\t\t\t<div class=\"elementor-element elementor-element-13d06e64 elementor-widget elementor-widget-heading\" data-id=\"13d06e64\" data-element_type=\"widget\" data-widget_type=\"heading.default\">\n\t\t\t\t<div class=\"elementor-widget-container\">\n\t\t\t<h2 class=\"elementor-heading-title elementor-size-default\">Case Delivery Much<\/h2>\t\t<\/div>\n\t\t\t\t<\/div>\n\t\t\t\t<div class=\"elementor-element elementor-element-5872cf92 elementor-widget elementor-widget-text-editor\" data-id=\"5872cf92\" data-element_type=\"widget\" data-widget_type=\"text-editor.default\">\n\t\t\t\t<div class=\"elementor-widget-container\">\n\t\t\t<style>\/*! elementor - v3.7.2 - 21-08-2022 *\/\n.elementor-widget-text-editor.elementor-drop-cap-view-stacked .elementor-drop-cap{background-color:#818a91;color:#fff}.elementor-widget-text-editor.elementor-drop-cap-view-framed .elementor-drop-cap{color:#818a91;border:3px solid;background-color:transparent}.elementor-widget-text-editor:not(.elementor-drop-cap-view-default) .elementor-drop-cap{margin-top:8px}.elementor-widget-text-editor:not(.elementor-drop-cap-view-default) .elementor-drop-cap-letter{width:1em;height:1em}.elementor-widget-text-editor .elementor-drop-cap{float:left;text-align:center;line-height:1;font-size:50px}.elementor-widget-text-editor .elementor-drop-cap-letter{display:inline-block}<\/style>\t\t\t\t<p>Procurados pela Delivery Much, a AD2L foi contratada com a inten\u00e7\u00e3o de analisar junto ao cliente sua ader\u00eancia a Lei Geral de Prote\u00e7\u00e3o de Dados. A empresa estava sendo provocada por clientes e fornecedores sobre sua maturidade em rela\u00e7\u00e3o a nova Lei, motivo pelo qual decidiram buscar o apoio de Consultoria Especializada.<\/p><p><span style=\"color: var( --e-global-color-text );\">A Delivery Much \u00e9 uma plataforma online de entregas que atende todo o Brasil, tendo cadastrado em sua base um n\u00famero de mais de 5.000.000 de clientes com relacionamento ativo.<\/span><\/p><p><span style=\"color: var( --e-global-color-text );\">Durante os meses de abril at\u00e9 setembro de 2021 a Ad2L realizou as mais diversas atividades, fazendo verdadeira imers\u00e3o nas mais diversas \u00e1reas do cliente, trabalhando em conjunto com o comit\u00ea de implementa\u00e7\u00e3o criado para este fim.<\/span><\/p><p><span style=\"color: var( --e-global-color-text );\">Visualizadas todas as necessidades e feitos os estudos necess\u00e1rios com base no organograma da empresa, foram montadas as estrat\u00e9gias de entrevistas para a montagem do mapeamento dos dados pessoais trabalhados na empresa.<\/span><\/p><p><span style=\"color: var( --e-global-color-text );\">Foi realizado Workshop de integra\u00e7\u00e3o para aproximadamente 200 colaboradores da empresa, momento que identificamos como \u201cponta p\u00e9 inicial\u201d do projeto, deixando todos alinhados sobre as especificidades da Lei.<\/span><\/p><p><span style=\"color: var( --e-global-color-text );\">Ao longo dos meses em que os dados foram mapeados dados, a Ad2L executou mais de 30 entrevistas, as quais tiveram dura\u00e7\u00e3o de 1h aproximadamente, com a \u00e1rea financeira, de pessoas, BI, Marketin, Expans\u00e3o, Relacionamento, Novos Neg\u00f3cios e Tecnologia da Informa\u00e7\u00e3o, todas com desdobramentos, al\u00e9m de entrevistar os principais fornecedores de servi\u00e7os.<\/span><\/p><p><span style=\"color: var( --e-global-color-text );\">O comit\u00ea de LGPD realizou encontros peri\u00f3dicos com a AD2L para juntos realizarem os necess\u00e1rios ajustes em atividades e documentos utilizados no dia a dia da opera\u00e7\u00e3o.<\/span><\/p><p><span style=\"color: var( --e-global-color-text );\">Com o fim das entrevistas, foi apresentado o relat\u00f3rio de an\u00e1lise de gaps, com a sugest\u00e3o de todos os planos de a\u00e7\u00e3o para que a empresa estivesse plenamente adequada a Legisla\u00e7\u00e3o.<\/span><\/p><p><span style=\"color: var( --e-global-color-text );\">Desde o relat\u00f3rio, foram executados ajustes em documentos, contratos, criadas as mais diversas pol\u00edticas e orientados os profissionais para que saibam, ao se deparar com qualquer tipo de incidente em rela\u00e7\u00e3o aos dados pessoais, tratar com perfei\u00e7\u00e3o estas ocorr\u00eancias.<\/span><\/p><p><span style=\"color: var( --e-global-color-text );\">A Delivery Much atingiu um grau relevante de maturidade em rela\u00e7\u00e3o a Lei, estando absolutamente preparada para o tratamento de dados pessoais de colaboradores, parceiros, fornecedores e clientes.<\/span><\/p>\t\t\t\t\t\t<\/div>\n\t\t\t\t<\/div>\n\t\t\t\t\t<\/div>\n\t\t<\/div>\n\t\t\t\t\t\t\t<\/div>\n\t\t<\/section>\n\t\t\t\t<section class=\"elementor-section elementor-top-section elementor-element elementor-element-61e05e30 elementor-section-boxed elementor-section-height-default elementor-section-height-default\" data-id=\"61e05e30\" data-element_type=\"section\" data-settings=\"{&quot;background_background&quot;:&quot;classic&quot;}\">\n\t\t\t\t\t\t<div class=\"elementor-container elementor-column-gap-default\">\n\t\t\t\t\t<div class=\"elementor-column elementor-col-100 elementor-top-column elementor-element elementor-element-5cf9790b\" data-id=\"5cf9790b\" data-element_type=\"column\">\n\t\t\t<div class=\"elementor-widget-wrap elementor-element-populated\">\n\t\t\t\t\t\t\t\t<div class=\"elementor-element elementor-element-660721b5 elementor-widget-divider--view-line elementor-widget elementor-widget-divider\" data-id=\"660721b5\" data-element_type=\"widget\" data-widget_type=\"divider.default\">\n\t\t\t\t<div class=\"elementor-widget-container\">\n\t\t\t\t\t<div class=\"elementor-divider\">\n\t\t\t<span class=\"elementor-divider-separator\">\n\t\t\t\t\t\t<\/span>\n\t\t<\/div>\n\t\t\t\t<\/div>\n\t\t\t\t<\/div>\n\t\t\t\t\t<\/div>\n\t\t<\/div>\n\t\t\t\t\t\t\t<\/div>\n\t\t<\/section>\n\t\t\t\t<section class=\"elementor-section elementor-top-section elementor-element elementor-element-53c8e5e elementor-section-content-top elementor-section-boxed elementor-section-height-default elementor-section-height-default\" data-id=\"53c8e5e\" data-element_type=\"section\">\n\t\t\t\t\t\t<div class=\"elementor-container elementor-column-gap-default\">\n\t\t\t\t\t<div class=\"elementor-column elementor-col-50 elementor-top-column elementor-element elementor-element-e6f8b5f\" data-id=\"e6f8b5f\" data-element_type=\"column\">\n\t\t\t<div class=\"elementor-widget-wrap elementor-element-populated\">\n\t\t\t\t\t\t\t\t<section class=\"elementor-section elementor-inner-section elementor-element elementor-element-7af1359 elementor-section-boxed elementor-section-height-default elementor-section-height-default\" data-id=\"7af1359\" data-element_type=\"section\">\n\t\t\t\t\t\t<div class=\"elementor-container elementor-column-gap-default\">\n\t\t\t\t\t<div class=\"elementor-column elementor-col-100 elementor-inner-column elementor-element elementor-element-d90a228\" data-id=\"d90a228\" data-element_type=\"column\">\n\t\t\t<div class=\"elementor-widget-wrap elementor-element-populated\">\n\t\t\t\t\t\t\t\t<div class=\"elementor-element elementor-element-c24726c elementor-widget elementor-widget-image\" data-id=\"c24726c\" data-element_type=\"widget\" data-widget_type=\"image.default\">\n\t\t\t\t<div class=\"elementor-widget-container\">\n\t\t\t\t\t\t\t\t\t\t\t\t\t\t\t<img width=\"895\" height=\"895\" src=\"https:\/\/www.ad2l.com.br\/site\/wp-content\/uploads\/2022\/03\/case2.png\" class=\"attachment-full size-full\" alt=\"\" loading=\"lazy\" srcset=\"https:\/\/www.ad2l.com.br\/site\/wp-content\/uploads\/2022\/03\/case2.png 895w, https:\/\/www.ad2l.com.br\/site\/wp-content\/uploads\/2022\/03\/case2-300x300.png 300w, https:\/\/www.ad2l.com.br\/site\/wp-content\/uploads\/2022\/03\/case2-150x150.png 150w, https:\/\/www.ad2l.com.br\/site\/wp-content\/uploads\/2022\/03\/case2-768x768.png 768w\" sizes=\"(max-width: 895px) 100vw, 895px\" \/>\t\t\t\t\t\t\t\t\t\t\t\t\t\t\t<\/div>\n\t\t\t\t<\/div>\n\t\t\t\t<div class=\"elementor-element elementor-element-038e563 elementor-widget elementor-widget-heading\" data-id=\"038e563\" data-element_type=\"widget\" data-widget_type=\"heading.default\">\n\t\t\t\t<div class=\"elementor-widget-container\">\n\t\t\t<h2 class=\"elementor-heading-title elementor-size-default\">Brasil Tecpar<\/h2>\t\t<\/div>\n\t\t\t\t<\/div>\n\t\t\t\t\t<\/div>\n\t\t<\/div>\n\t\t\t\t\t\t\t<\/div>\n\t\t<\/section>\n\t\t\t\t\t<\/div>\n\t\t<\/div>\n\t\t\t\t<div class=\"elementor-column elementor-col-50 elementor-top-column elementor-element elementor-element-82dfa08\" data-id=\"82dfa08\" data-element_type=\"column\">\n\t\t\t<div class=\"elementor-widget-wrap elementor-element-populated\">\n\t\t\t\t\t\t\t\t<div class=\"elementor-element elementor-element-d11fe2a elementor-widget elementor-widget-heading\" data-id=\"d11fe2a\" data-element_type=\"widget\" data-widget_type=\"heading.default\">\n\t\t\t\t<div class=\"elementor-widget-container\">\n\t\t\t<h2 class=\"elementor-heading-title elementor-size-default\">Case Brasil Tecpar<\/h2>\t\t<\/div>\n\t\t\t\t<\/div>\n\t\t\t\t<div class=\"elementor-element elementor-element-df20cf1 elementor-widget elementor-widget-text-editor\" data-id=\"df20cf1\" data-element_type=\"widget\" data-widget_type=\"text-editor.default\">\n\t\t\t\t<div class=\"elementor-widget-container\">\n\t\t\t\t\t\t\t<p>A Brasil Tecpar \u00e9 composta por um grupo de empresas (Amigo, \u00c1vato, Bereit e Safety Cables) todas voltadas para o atendimento de servi\u00e7os de tecnologia da informa\u00e7\u00e3o, conectividade, servi\u00e7os cloud e internet. Disponibilizando seus servi\u00e7os em diversos estados do territ\u00f3rio nacional, a Tecpar atende mais de 500.000 clientes, tendo 1.000.000 de usu\u00e1rios e mais de 2000 colaboradores.<\/p><p><span style=\"color: var( --e-global-color-text );\">Em virtude da entrega em vigor da integralidade da Lei Geral de Prote\u00e7\u00e3o de Dados e respeitando as diretrizes do seu processo de Governan\u00e7a Corporativa, a AD2L foi contratada para o desenvolvimento de todo o processo de implementa\u00e7\u00e3o da Lei Geral de Prote\u00e7\u00e3o de Dados.<\/span><\/p><p><span style=\"color: var( --e-global-color-text );\">O trabalho de aculturamento, imers\u00e3o, montagem do relat\u00f3rio e plano de a\u00e7\u00e3o se desenvolveu ao longo dos meses de agosto at\u00e9 dezembro de 2021, sempre em conjunto com o comit\u00ea de representantes da empresa, designados para este fim espec\u00edfico.<\/span><\/p><p><span style=\"color: var( --e-global-color-text );\">Para a Tecpar, a AD2L realizou um Workshop Inicial e um treinamento final onde em ambos reuniram-se mais de 500 colaboradores em cada um deles, com plena interatividade e muitas trocas de informa\u00e7\u00f5es.<\/span><\/p><p><span style=\"color: var( --e-global-color-text );\">A Ad2L elaborou uma s\u00e9rie de documentos e pol\u00edticas para o cliente, tais como pol\u00edtica de uso do whatsapp, pol\u00edtica de c\u00e2meras de seguran\u00e7a, pol\u00edtica de privacidade para os portais, pol\u00edtica de resposta a incidentes, pol\u00edtica de reten\u00e7\u00e3o e descarte de documentos, pol\u00edtica de tela e mesa limpa, al\u00e9m dos ajustes nas minutas contratuais da empresa.<\/span><\/p><p><span style=\"color: var( --e-global-color-text );\">Com o plano de a\u00e7\u00e3o em pr\u00e1tica, a Brasil Tecpar entendeu fundamental que a AD2L ministrasse treinamentos espec\u00edficos para todos as \u00e1reas mais relavantes em rela\u00e7\u00e3o ao tratamento dos dados pessoais no grupo, tarefa executada nos meses de janeiro e fevereiro de 2022.<\/span><\/p><p><span style=\"color: var( --e-global-color-text );\">A LGPD \u00e9 uma lei viva e que demanda esfor\u00e7os de todos os envolvidos para que os trabalhos realizados n\u00e3o se percam no tempo. A Brasil Tecpar \u00e9 uma empresa que entrou neste esp\u00edrito e est\u00e1 pronta para enfrentar toda e qualquer demanda relacionada ao tema.<\/span><\/p>\t\t\t\t\t\t<\/div>\n\t\t\t\t<\/div>\n\t\t\t\t\t<\/div>\n\t\t<\/div>\n\t\t\t\t\t\t\t<\/div>\n\t\t<\/section>\n\t\t\t\t\t\t\t<\/div>\n\t\t","protected":false},"excerpt":{"rendered":"<p>Cases Delivery Much Case Delivery Much Procurados pela Delivery Much, a AD2L foi contratada com a inten\u00e7\u00e3o de analisar junto ao cliente sua ader\u00eancia a Lei Geral de Prote\u00e7\u00e3o de Dados. A empresa estava sendo provocada por clientes e fornecedores sobre sua maturidade em rela\u00e7\u00e3o a nova Lei, motivo pelo qual decidiram buscar o apoio [&hellip;]<\/p>\n","protected":false},"author":1,"featured_media":0,"parent":0,"menu_order":0,"comment_status":"closed","ping_status":"closed","template":"elementor_header_footer","meta":{"_joinchat":[]},"_links":{"self":[{"href":"https:\/\/www.ad2l.com.br\/site\/wp-json\/wp\/v2\/pages\/16"}],"collection":[{"href":"https:\/\/www.ad2l.com.br\/site\/wp-json\/wp\/v2\/pages"}],"about":[{"href":"https:\/\/www.ad2l.com.br\/site\/wp-json\/wp\/v2\/types\/page"}],"author":[{"embeddable":true,"href":"https:\/\/www.ad2l.com.br\/site\/wp-json\/wp\/v2\/users\/1"}],"replies":[{"embeddable":true,"href":"https:\/\/www.ad2l.com.br\/site\/wp-json\/wp\/v2\/comments?post=16"}],"version-history":[{"count":10,"href":"https:\/\/www.ad2l.com.br\/site\/wp-json\/wp\/v2\/pages\/16\/revisions"}],"predecessor-version":[{"id":126,"href":"https:\/\/www.ad2l.com.br\/site\/wp-json\/wp\/v2\/pages\/16\/revisions\/126"}],"wp:attachment":[{"href":"https:\/\/www.ad2l.com.br\/site\/wp-json\/wp\/v2\/media?parent=16"}],"curies":[{"name":"wp","href":"https:\/\/api.w.org\/{rel}","templated":true}]}}